{"id":787,"date":"2023-08-10T23:06:03","date_gmt":"2023-08-10T23:06:03","guid":{"rendered":"https:\/\/bernsteininjurylaw.com\/es\/?page_id=787"},"modified":"2025-03-31T15:07:35","modified_gmt":"2025-03-31T15:07:35","slug":"abogados","status":"publish","type":"page","link":"https:\/\/bernsteininjurylaw.com\/es\/abogados\/","title":{"rendered":"Abogados"},"content":{"rendered":"<style>.kb-row-layout-id787_6c1340-1d > .kt-row-column-wrap{align-content:center;}:where(.kb-row-layout-id787_6c1340-1d > .kt-row-column-wrap) > .wp-block-kadence-column{justify-content:center;}.kb-row-layout-id787_6c1340-1d > .kt-row-column-wrap{column-gap:var(--global-kb-gap-md, 2rem);row-gap:var(--global-kb-gap-md, 2rem);max-width:1600px;margin-left:auto;margin-right:auto;padding-top:var(--global-kb-spacing-sm, 1.5rem);padding-bottom:var(--global-kb-spacing-sm, 1.5rem);min-height:400px;grid-template-columns:minmax(0, 1fr);}.kb-row-layout-id787_6c1340-1d{background-image:url('https:\/\/bernsteininjurylaw.com\/es\/wp-content\/uploads\/sites\/2\/2023\/07\/tampa-city-2000-sqush.jpg');background-size:cover;background-position:50% 20%;background-attachment:scroll;background-repeat:no-repeat;}.kb-row-layout-id787_6c1340-1d > .kt-row-layout-overlay{opacity:1;background-color:rgba(255, 255, 255, 0.6);}@media all and (max-width: 1024px){.kb-row-layout-id787_6c1340-1d > .kt-row-column-wrap{grid-template-columns:minmax(0, 1fr);}}@media all and (max-width: 767px){.kb-row-layout-id787_6c1340-1d > .kt-row-column-wrap{grid-template-columns:minmax(0, 1fr);}}<\/style><div class=\"kb-row-layout-wrap kb-row-layout-id787_6c1340-1d alignfull kt-row-has-bg wp-block-kadence-rowlayout\"><div class=\"kt-row-layout-overlay kt-row-overlay-normal\"><\/div><div class=\"kt-row-column-wrap kt-has-1-columns kt-row-layout-equal kt-tab-layout-inherit kt-mobile-layout-row kt-row-valign-middle\">\n<style>.kadence-column787_ca7d4c-f8 > .kt-inside-inner-col,.kadence-column787_ca7d4c-f8 > .kt-inside-inner-col:before{border-top-left-radius:0px;border-top-right-radius:0px;border-bottom-right-radius:0px;border-bottom-left-radius:0px;}.kadence-column787_ca7d4c-f8 > .kt-inside-inner-col{column-gap:var(--global-kb-gap-sm, 1rem);}.kadence-column787_ca7d4c-f8 > .kt-inside-inner-col{flex-direction:column;}.kadence-column787_ca7d4c-f8 > .kt-inside-inner-col > .aligncenter{width:100%;}.kadence-column787_ca7d4c-f8 > .kt-inside-inner-col:before{opacity:0.3;}.kadence-column787_ca7d4c-f8{position:relative;}@media all and (max-width: 1024px){.kadence-column787_ca7d4c-f8 > .kt-inside-inner-col{flex-direction:column;justify-content:center;}}@media all and (max-width: 767px){.kadence-column787_ca7d4c-f8 > .kt-inside-inner-col{flex-direction:column;justify-content:center;}}<\/style>\n<div class=\"wp-block-kadence-column kadence-column787_ca7d4c-f8\"><div class=\"kt-inside-inner-col\"><style>.wp-block-kadence-advancedheading.kt-adv-heading787_43c9af-ce, .wp-block-kadence-advancedheading.kt-adv-heading787_43c9af-ce[data-kb-block=\"kb-adv-heading787_43c9af-ce\"]{font-size:60px;font-weight:700;font-style:normal;font-family:museo-sans;}.wp-block-kadence-advancedheading.kt-adv-heading787_43c9af-ce mark.kt-highlight, .wp-block-kadence-advancedheading.kt-adv-heading787_43c9af-ce[data-kb-block=\"kb-adv-heading787_43c9af-ce\"] mark.kt-highlight{font-style:normal;color:#f76a0c;-webkit-box-decoration-break:clone;box-decoration-break:clone;padding-top:0px;padding-right:0px;padding-bottom:0px;padding-left:0px;}.wp-block-kadence-advancedheading.kt-adv-heading787_43c9af-ce img.kb-inline-image, .wp-block-kadence-advancedheading.kt-adv-heading787_43c9af-ce[data-kb-block=\"kb-adv-heading787_43c9af-ce\"] img.kb-inline-image{width:150px;vertical-align:baseline;}<\/style>\n<h1 class=\"kt-adv-heading787_43c9af-ce wp-block-kadence-advancedheading has-theme-palette-3-color has-text-color\" data-kb-block=\"kb-adv-heading787_43c9af-ce\">Acerca de Jack Bernstein, Abogados de Lesiones en Tampa, Florida<\/h1>\n<\/div><\/div>\n\n<\/div><\/div>\n\n<style>.kb-row-layout-id787_bb4b87-12 > .kt-row-column-wrap{align-content:start;}:where(.kb-row-layout-id787_bb4b87-12 > .kt-row-column-wrap) > .wp-block-kadence-column{justify-content:start;}.kb-row-layout-id787_bb4b87-12 > .kt-row-column-wrap{column-gap:var(--global-kb-gap-md, 2rem);row-gap:var(--global-kb-gap-md, 2rem);max-width:var( --global-content-width, 1600px );padding-left:var(--global-content-edge-padding);padding-right:var(--global-content-edge-padding);padding-top:var(--global-kb-spacing-sm, 1.5rem);padding-bottom:var(--global-kb-spacing-sm, 1.5rem);grid-template-columns:minmax(0, 2fr) minmax(0, 1fr);}.kb-row-layout-id787_bb4b87-12 > .kt-row-layout-overlay{opacity:0.30;}@media all and (max-width: 1024px){.kb-row-layout-id787_bb4b87-12 > .kt-row-column-wrap{grid-template-columns:minmax(0, 2fr) minmax(0, 1fr);}}@media all and (max-width: 767px){.kb-row-layout-id787_bb4b87-12 > .kt-row-column-wrap{grid-template-columns:minmax(0, 1fr);}}<\/style><div class=\"kb-row-layout-wrap kb-row-layout-id787_bb4b87-12 alignfull wp-block-kadence-rowlayout\"><div class=\"kt-row-column-wrap kt-has-2-columns kt-row-layout-left-golden kt-tab-layout-inherit kt-mobile-layout-row kt-row-valign-top kb-theme-content-width\">\n<style>.kadence-column787_7852e5-36 > .kt-inside-inner-col,.kadence-column787_7852e5-36 > .kt-inside-inner-col:before{border-top-left-radius:0px;border-top-right-radius:0px;border-bottom-right-radius:0px;border-bottom-left-radius:0px;}.kadence-column787_7852e5-36 > .kt-inside-inner-col{column-gap:var(--global-kb-gap-sm, 1rem);}.kadence-column787_7852e5-36 > .kt-inside-inner-col{flex-direction:column;}.kadence-column787_7852e5-36 > .kt-inside-inner-col > .aligncenter{width:100%;}.kadence-column787_7852e5-36 > .kt-inside-inner-col:before{opacity:0.3;}.kadence-column787_7852e5-36{position:relative;}@media all and (max-width: 1024px){.kadence-column787_7852e5-36 > .kt-inside-inner-col{flex-direction:column;justify-content:center;}}@media all and (max-width: 767px){.kadence-column787_7852e5-36 > .kt-inside-inner-col{flex-direction:column;justify-content:center;}}<\/style>\n<div class=\"wp-block-kadence-column kadence-column787_7852e5-36\"><div class=\"kt-inside-inner-col\">\n<p>Jack Bernstein, Abogados de Lesiones, es una firma de abogados de <a href=\"https:\/\/bernsteininjurylaw.com\/es\/\">lesiones personales<\/a> bien establecida con oficinas en Tampa y en todo Florida. Con un personal de aproximadamente 40 personas, que incluye a seis abogados y 34 personal de apoyo, tenemos los recursos legales para manejar casos catastr\u00f3ficos de lesiones personales y muerte por negligencia. Nuestra firma cuenta con recursos financieros sustanciales que nos permiten invertir la cantidad de dinero necesaria para ayudarte a obtener la m\u00e1xima compensaci\u00f3n por tus p\u00e9rdidas.<\/p>\n\n\n\n<p>Nuestra firma maneja todo tipo de casos de lesiones personales y accidentes, utilizando t\u00e1cticas de negociaci\u00f3n y litigaci\u00f3n de manera efectiva. Nuestros abogados de <a href=\"https:\/\/bernsteininjurylaw.com\/es\/areas-de-practica\/abogado-de-accidentes-automovilisticos\/\">accidentes de coche<\/a> han manejado casos en toda Tampa, FL. Nuestros abogados de lesiones personales tambi\u00e9n atienden a clientes en <a href=\"https:\/\/bernsteininjurylaw.com\/es\/area-de-servicio\/sarasota\/\">Sarasota<\/a>, <a href=\"https:\/\/bernsteininjurylaw.com\/es\/area-de-servicio\/st-petersburg\/\">St. Petersburg<\/a> y <a href=\"\/es\/area-de-servicio\/clearwater\/\">Clearwater, FL<\/a>.<\/p>\n\n\n\n<h2 class=\"wp-block-heading\">Consulta Legal en Tampa<\/h2>\n\n\n\n<p>Por lo general, nuestros abogados de lesiones personales llevan a juicio nuestros propios casos en lugar de referirlos a otras firmas de abogados. Aproximadamente un tercio de nuestros casos nos llegan como referencias de clientes satisfechos anteriores. Una de las diferencias entre nuestra firma de abogados y otras firmas de lesiones personales es nuestra experiencia en juicios. Nuestro personal legal incluye abogados que se han entrenado bajo algunos de los mejores litigantes en Tampa, Florida. Siempre estamos aqu\u00ed para ayudarte.<\/p>\n\n\n\n<p>Para obtener m\u00e1s informaci\u00f3n, por favor llama al:&nbsp;<a href=\"tel:8133336666\">(813) 333-6666<\/a><\/p>\n\n\n\n<h3 class=\"wp-block-heading\">Conoce a nuestros Abogados en Tampa Especializados en Lesiones Personales<\/h3>\n\n\n<style>.kb-row-layout-id787_80f31a-cc > .kt-row-column-wrap{align-content:start;}:where(.kb-row-layout-id787_80f31a-cc > .kt-row-column-wrap) > .wp-block-kadence-column{justify-content:start;}.kb-row-layout-id787_80f31a-cc > .kt-row-column-wrap{column-gap:var(--global-kb-gap-md, 2rem);row-gap:var(--global-kb-gap-md, 2rem);padding-top:var(--global-kb-spacing-sm, 1.5rem);padding-bottom:var(--global-kb-spacing-sm, 1.5rem);grid-template-columns:repeat(2, minmax(0, 1fr));}.kb-row-layout-id787_80f31a-cc > .kt-row-layout-overlay{opacity:0.30;}@media all and (max-width: 1024px){.kb-row-layout-id787_80f31a-cc > .kt-row-column-wrap{grid-template-columns:repeat(2, minmax(0, 1fr));}}@media all and (max-width: 767px){.kb-row-layout-id787_80f31a-cc > .kt-row-column-wrap{grid-template-columns:minmax(0, 1fr);}}<\/style><div class=\"kb-row-layout-wrap kb-row-layout-id787_80f31a-cc alignnone wp-block-kadence-rowlayout\"><div class=\"kt-row-column-wrap kt-has-2-columns kt-row-layout-equal kt-tab-layout-inherit kt-mobile-layout-row kt-row-valign-top\">\n<style>.kadence-column787_da3377-a0 > .kt-inside-inner-col,.kadence-column787_da3377-a0 > .kt-inside-inner-col:before{border-top-left-radius:0px;border-top-right-radius:0px;border-bottom-right-radius:0px;border-bottom-left-radius:0px;}.kadence-column787_da3377-a0 > .kt-inside-inner-col{column-gap:var(--global-kb-gap-sm, 1rem);}.kadence-column787_da3377-a0 > .kt-inside-inner-col{flex-direction:column;}.kadence-column787_da3377-a0 > .kt-inside-inner-col > .aligncenter{width:100%;}.kadence-column787_da3377-a0 > .kt-inside-inner-col:before{opacity:0.3;}.kadence-column787_da3377-a0{position:relative;}@media all and (max-width: 1024px){.kadence-column787_da3377-a0 > .kt-inside-inner-col{flex-direction:column;justify-content:center;}}@media all and (max-width: 767px){.kadence-column787_da3377-a0 > .kt-inside-inner-col{flex-direction:column;justify-content:center;}}<\/style>\n<div class=\"wp-block-kadence-column kadence-column787_da3377-a0\"><div class=\"kt-inside-inner-col\"><style>.wp-block-kadence-advancedheading.kt-adv-heading787_149584-33, .wp-block-kadence-advancedheading.kt-adv-heading787_149584-33[data-kb-block=\"kb-adv-heading787_149584-33\"]{font-style:normal;}.wp-block-kadence-advancedheading.kt-adv-heading787_149584-33 mark.kt-highlight, .wp-block-kadence-advancedheading.kt-adv-heading787_149584-33[data-kb-block=\"kb-adv-heading787_149584-33\"] mark.kt-highlight{font-style:normal;color:#f76a0c;-webkit-box-decoration-break:clone;box-decoration-break:clone;padding-top:0px;padding-right:0px;padding-bottom:0px;padding-left:0px;}.wp-block-kadence-advancedheading.kt-adv-heading787_149584-33 img.kb-inline-image, .wp-block-kadence-advancedheading.kt-adv-heading787_149584-33[data-kb-block=\"kb-adv-heading787_149584-33\"] img.kb-inline-image{width:150px;vertical-align:baseline;}<\/style>\n<h3 class=\"kt-adv-heading787_149584-33 wp-block-kadence-advancedheading has-theme-palette-1-color has-text-color\" data-kb-block=\"kb-adv-heading787_149584-33\"><a href=\"https:\/\/bernsteininjurylaw.com\/es\/abogados\/jack-bernstein\/\">Jack Bernstein<\/a><\/h3>\n\n\n<style>.kb-image787_f9904d-a0 .kb-image-has-overlay:after{opacity:0.3;}<\/style>\n<figure class=\"wp-block-kadence-image kb-image787_f9904d-a0 size-full\"><img loading=\"lazy\" decoding=\"async\" width=\"600\" height=\"400\" src=\"https:\/\/bernsteininjurylaw.com\/es\/wp-content\/uploads\/sites\/2\/2023\/08\/jack-g-bernstein.jpg\" alt=\"\" class=\"kb-img wp-image-779\" title=\"\" srcset=\"https:\/\/bernsteininjurylaw.com\/es\/wp-content\/uploads\/sites\/2\/2023\/08\/jack-g-bernstein.jpg 600w, https:\/\/bernsteininjurylaw.com\/es\/wp-content\/uploads\/sites\/2\/2023\/08\/jack-g-bernstein-300x200.jpg 300w\" sizes=\"auto, (max-width: 600px) 100vw, 600px\" \/><\/figure>\n<\/div><\/div>\n\n\n<style>.kadence-column787_6f3709-a9 > .kt-inside-inner-col,.kadence-column787_6f3709-a9 > .kt-inside-inner-col:before{border-top-left-radius:0px;border-top-right-radius:0px;border-bottom-right-radius:0px;border-bottom-left-radius:0px;}.kadence-column787_6f3709-a9 > .kt-inside-inner-col{column-gap:var(--global-kb-gap-sm, 1rem);}.kadence-column787_6f3709-a9 > .kt-inside-inner-col{flex-direction:column;}.kadence-column787_6f3709-a9 > .kt-inside-inner-col > .aligncenter{width:100%;}.kadence-column787_6f3709-a9 > .kt-inside-inner-col:before{opacity:0.3;}.kadence-column787_6f3709-a9{position:relative;}@media all and (max-width: 1024px){.kadence-column787_6f3709-a9 > .kt-inside-inner-col{flex-direction:column;justify-content:center;}}@media all and (max-width: 767px){.kadence-column787_6f3709-a9 > .kt-inside-inner-col{flex-direction:column;justify-content:center;}}<\/style>\n<div class=\"wp-block-kadence-column kadence-column787_6f3709-a9\"><div class=\"kt-inside-inner-col\"><style>.wp-block-kadence-advancedheading.kt-adv-heading787_cf3aa5-0a, .wp-block-kadence-advancedheading.kt-adv-heading787_cf3aa5-0a[data-kb-block=\"kb-adv-heading787_cf3aa5-0a\"]{font-style:normal;}.wp-block-kadence-advancedheading.kt-adv-heading787_cf3aa5-0a mark.kt-highlight, .wp-block-kadence-advancedheading.kt-adv-heading787_cf3aa5-0a[data-kb-block=\"kb-adv-heading787_cf3aa5-0a\"] mark.kt-highlight{font-style:normal;color:#f76a0c;-webkit-box-decoration-break:clone;box-decoration-break:clone;padding-top:0px;padding-right:0px;padding-bottom:0px;padding-left:0px;}.wp-block-kadence-advancedheading.kt-adv-heading787_cf3aa5-0a img.kb-inline-image, .wp-block-kadence-advancedheading.kt-adv-heading787_cf3aa5-0a[data-kb-block=\"kb-adv-heading787_cf3aa5-0a\"] img.kb-inline-image{width:150px;vertical-align:baseline;}<\/style>\n<h3 class=\"kt-adv-heading787_cf3aa5-0a wp-block-kadence-advancedheading has-theme-palette-1-color has-text-color\" data-kb-block=\"kb-adv-heading787_cf3aa5-0a\"><\/h3>\n<\/div><\/div>\n\n<\/div><\/div><\/div><\/div>\n\n\n<style>#wrapper.site{overflow:clip;}.kadence-column787_76d208-9d > .kt-inside-inner-col,.kadence-column787_76d208-9d > .kt-inside-inner-col:before{border-top-left-radius:0px;border-top-right-radius:0px;border-bottom-right-radius:0px;border-bottom-left-radius:0px;}.kadence-column787_76d208-9d > .kt-inside-inner-col{column-gap:var(--global-kb-gap-sm, 1rem);}.kadence-column787_76d208-9d > .kt-inside-inner-col{flex-direction:column;}.kadence-column787_76d208-9d > .kt-inside-inner-col > .aligncenter{width:100%;}.kadence-column787_76d208-9d > .kt-inside-inner-col:before{opacity:0.3;}.kadence-column787_76d208-9d{position:relative;}@media all and (max-width: 1024px){.kadence-column787_76d208-9d > .kt-inside-inner-col{flex-direction:column;justify-content:center;}}@media all and (max-width: 767px){.kadence-column787_76d208-9d > .kt-inside-inner-col{flex-direction:column;justify-content:center;}}<\/style>\n<div class=\"wp-block-kadence-column kadence-column787_76d208-9d kb-section-is-sticky\"><div class=\"kt-inside-inner-col\"><style>.kb-row-layout-wrap.wp-block-kadence-rowlayout.kb-row-layout-id787_49aa7f-83{margin-top:0px;margin-bottom:0px;}.kb-row-layout-id787_49aa7f-83 > .kt-row-column-wrap{align-content:start;}:where(.kb-row-layout-id787_49aa7f-83 > .kt-row-column-wrap) > .wp-block-kadence-column{justify-content:start;}.kb-row-layout-id787_49aa7f-83 > .kt-row-column-wrap{column-gap:var(--global-kb-gap-md, 2rem);row-gap:var(--global-kb-gap-md, 2rem);padding-top:var(--global-kb-spacing-sm, 1.5rem);padding-bottom:var(--global-kb-spacing-sm, 1.5rem);grid-template-columns:minmax(0, 1fr);}.kb-row-layout-id787_49aa7f-83{border-top-left-radius:4px;border-top-right-radius:4px;border-bottom-right-radius:4px;border-bottom-left-radius:4px;overflow:clip;isolation:isolate;}.kb-row-layout-id787_49aa7f-83 > .kt-row-layout-overlay{border-top-left-radius:4px;border-top-right-radius:4px;border-bottom-right-radius:4px;border-bottom-left-radius:4px;}.kb-row-layout-id787_49aa7f-83{border-top:4px solid var(--global-palette1, #3182CE);border-right:4px solid var(--global-palette1, #3182CE);border-bottom:4px solid var(--global-palette1, #3182CE);border-left:4px solid var(--global-palette1, #3182CE);}.kb-row-layout-id787_49aa7f-83 > .kt-row-layout-overlay{opacity:0.30;}@media all and (max-width: 1024px){.kb-row-layout-id787_49aa7f-83 > .kt-row-column-wrap{grid-template-columns:minmax(0, 1fr);}}@media all and (max-width: 1024px){.kb-row-layout-id787_49aa7f-83{border-top:4px solid var(--global-palette1, #3182CE);border-right:4px solid var(--global-palette1, #3182CE);border-bottom:4px solid var(--global-palette1, #3182CE);border-left:4px solid var(--global-palette1, #3182CE);}}@media all and (max-width: 767px){.kb-row-layout-wrap.wp-block-kadence-rowlayout.kb-row-layout-id787_49aa7f-83{margin-top:-150px;}.kb-row-layout-id787_49aa7f-83 > .kt-row-column-wrap{padding-top:var(--global-kb-spacing-xs, 1rem);padding-right:var(--global-kb-spacing-xs, 1rem);padding-bottom:var(--global-kb-spacing-xs, 1rem);padding-left:var(--global-kb-spacing-xs, 1rem);grid-template-columns:minmax(0, 1fr);}.kb-row-layout-id787_49aa7f-83{border-top:4px solid var(--global-palette1, #3182CE);border-right:4px solid var(--global-palette1, #3182CE);border-bottom:4px solid var(--global-palette1, #3182CE);border-left:4px solid var(--global-palette1, #3182CE);}}<\/style><div class=\"kb-row-layout-wrap kb-row-layout-id787_49aa7f-83 alignnone has-theme-palette9-background-color kt-row-has-bg wp-block-kadence-rowlayout\"><div class=\"kt-row-column-wrap kt-has-1-columns kt-row-layout-equal kt-tab-layout-inherit kt-mobile-layout-row kt-row-valign-top\">\n<style>.kadence-column787_02cf6e-d7 > .kt-inside-inner-col,.kadence-column787_02cf6e-d7 > .kt-inside-inner-col:before{border-top-left-radius:0px;border-top-right-radius:0px;border-bottom-right-radius:0px;border-bottom-left-radius:0px;}.kadence-column787_02cf6e-d7 > .kt-inside-inner-col{column-gap:var(--global-kb-gap-sm, 1rem);}.kadence-column787_02cf6e-d7 > .kt-inside-inner-col{flex-direction:column;}.kadence-column787_02cf6e-d7 > .kt-inside-inner-col > .aligncenter{width:100%;}.kadence-column787_02cf6e-d7 > .kt-inside-inner-col:before{opacity:0.3;}.kadence-column787_02cf6e-d7{position:relative;}@media all and (max-width: 1024px){.kadence-column787_02cf6e-d7 > .kt-inside-inner-col{flex-direction:column;justify-content:center;}}@media all and (max-width: 767px){.kadence-column787_02cf6e-d7 > .kt-inside-inner-col{flex-direction:column;justify-content:center;}}<\/style>\n<div class=\"wp-block-kadence-column kadence-column787_02cf6e-d7\"><div class=\"kt-inside-inner-col\"><style>.wp-block-kadence-advancedheading.kt-adv-heading787_8ef42d-8b, .wp-block-kadence-advancedheading.kt-adv-heading787_8ef42d-8b[data-kb-block=\"kb-adv-heading787_8ef42d-8b\"]{text-align:center;font-style:normal;}.wp-block-kadence-advancedheading.kt-adv-heading787_8ef42d-8b mark.kt-highlight, .wp-block-kadence-advancedheading.kt-adv-heading787_8ef42d-8b[data-kb-block=\"kb-adv-heading787_8ef42d-8b\"] mark.kt-highlight{font-style:normal;color:#f76a0c;-webkit-box-decoration-break:clone;box-decoration-break:clone;padding-top:0px;padding-right:0px;padding-bottom:0px;padding-left:0px;}.wp-block-kadence-advancedheading.kt-adv-heading787_8ef42d-8b img.kb-inline-image, .wp-block-kadence-advancedheading.kt-adv-heading787_8ef42d-8b[data-kb-block=\"kb-adv-heading787_8ef42d-8b\"] img.kb-inline-image{width:150px;vertical-align:baseline;}@media all and (max-width: 767px){.wp-block-kadence-advancedheading.kt-adv-heading787_8ef42d-8b, .wp-block-kadence-advancedheading.kt-adv-heading787_8ef42d-8b[data-kb-block=\"kb-adv-heading787_8ef42d-8b\"]{font-size:var(--global-kb-font-size-lg, 2rem);}}<\/style>\n<h2 class=\"kt-adv-heading787_8ef42d-8b wp-block-kadence-advancedheading has-theme-palette-1-color has-text-color\" data-kb-block=\"kb-adv-heading787_8ef42d-8b\">Evaluaci\u00f3n de Caso Gratuita<\/h2>\n\n\n<style>.wp-block-kadence-advancedheading.kt-adv-heading787_9b1700-a1, .wp-block-kadence-advancedheading.kt-adv-heading787_9b1700-a1[data-kb-block=\"kb-adv-heading787_9b1700-a1\"]{text-align:center;font-style:normal;}.wp-block-kadence-advancedheading.kt-adv-heading787_9b1700-a1 mark.kt-highlight, .wp-block-kadence-advancedheading.kt-adv-heading787_9b1700-a1[data-kb-block=\"kb-adv-heading787_9b1700-a1\"] mark.kt-highlight{font-style:normal;color:#f76a0c;-webkit-box-decoration-break:clone;box-decoration-break:clone;padding-top:0px;padding-right:0px;padding-bottom:0px;padding-left:0px;}.wp-block-kadence-advancedheading.kt-adv-heading787_9b1700-a1 img.kb-inline-image, .wp-block-kadence-advancedheading.kt-adv-heading787_9b1700-a1[data-kb-block=\"kb-adv-heading787_9b1700-a1\"] img.kb-inline-image{width:150px;vertical-align:baseline;}<\/style>\n<h3 class=\"kt-adv-heading787_9b1700-a1 wp-block-kadence-advancedheading has-theme-palette-1-color has-text-color\" data-kb-block=\"kb-adv-heading787_9b1700-a1\">Sin Honorarios a Menos que Ganemos<\/h3>\n\n\n\n<p><strong>Sin tarifas por adelantado<\/strong>, sin riesgo y sin costo de bolsillo para usted o su familia.<\/p>\n\n\n\n<p><strong>Totalmente confidencial<\/strong>: respetamos su privacidad; las consultas son confidenciales.<\/p>\n\n\n\n<div class=\"wp-block-contact-form-7-contact-form-selector\">\n<div class=\"wpcf7 no-js\" id=\"wpcf7-f663-o1\" lang=\"en-US\" dir=\"ltr\" data-wpcf7-id=\"663\">\n<div class=\"screen-reader-response\"><p role=\"status\" aria-live=\"polite\" aria-atomic=\"true\"><\/p> <ul><\/ul><\/div>\n<form action=\"\/es\/wp-json\/wp\/v2\/pages\/787#wpcf7-f663-o1\" method=\"post\" class=\"wpcf7-form init\" aria-label=\"Contact form\" novalidate=\"novalidate\" data-status=\"init\">\n<fieldset class=\"hidden-fields-container\"><input type=\"hidden\" name=\"_wpcf7\" value=\"663\" \/><input type=\"hidden\" name=\"_wpcf7_version\" value=\"6.1.5\" \/><input type=\"hidden\" name=\"_wpcf7_locale\" value=\"en_US\" \/><input type=\"hidden\" name=\"_wpcf7_unit_tag\" value=\"wpcf7-f663-o1\" \/><input type=\"hidden\" name=\"_wpcf7_container_post\" value=\"0\" \/><input type=\"hidden\" name=\"_wpcf7_posted_data_hash\" value=\"\" \/><input type=\"hidden\" name=\"_wpcf7_recaptcha_response\" value=\"\" \/>\n<\/fieldset>\n<p><span class=\"wpcf7-form-control-wrap\" data-name=\"your-name\"><input size=\"40\" maxlength=\"400\" class=\"wpcf7-form-control wpcf7-text wpcf7-validates-as-required form-control\" aria-required=\"true\" aria-invalid=\"false\" placeholder=\"Full Name\" value=\"\" type=\"text\" name=\"your-name\" \/><\/span><span class=\"wpcf7-form-control-wrap\" data-name=\"your-email\"><input size=\"40\" maxlength=\"400\" class=\"wpcf7-form-control wpcf7-email wpcf7-validates-as-required wpcf7-text wpcf7-validates-as-email form-control\" id=\"email\" aria-required=\"true\" aria-invalid=\"false\" placeholder=\"E-mail Address\" value=\"\" type=\"email\" name=\"your-email\" \/><\/span><span class=\"wpcf7-form-control-wrap\" data-name=\"tel-368\"><input size=\"40\" maxlength=\"400\" class=\"wpcf7-form-control wpcf7-tel wpcf7-validates-as-required wpcf7-text wpcf7-validates-as-tel form-control\" id=\"phone\" aria-required=\"true\" aria-invalid=\"false\" placeholder=\"Phone Number\" value=\"\" type=\"tel\" name=\"tel-368\" \/><\/span><span class=\"wpcf7-form-control-wrap\" data-name=\"your-message\"><textarea cols=\"40\" rows=\"4\" maxlength=\"2000\" class=\"wpcf7-form-control wpcf7-textarea form-control\" aria-invalid=\"false\" placeholder=\"Case Details\" name=\"your-message\"><\/textarea><\/span>\n<input class=\"wpcf7-form-control wpcf7-hidden\" id=\"attorney-email\" value=\"\" type=\"hidden\" name=\"attorney-email\" \/>\n<input class=\"wpcf7-form-control wpcf7-hidden\" value=\"\" type=\"hidden\" name=\"referrer\" \/>\n<input class=\"wpcf7-form-control wpcf7-hidden\" value=\"\" type=\"hidden\" name=\"gclid\" \/>\n<input class=\"wpcf7-form-control wpcf7-hidden\" value=\"\" type=\"hidden\" name=\"utm\" \/><button type=\"submit\" class=\"btn\"><span style=\"float:left;\">Submit<span class=\"hidden-xs hidden-sm hidden-md\"> my Case<\/span><\/span><i class=\"icon icon-checkmark\"><\/i><\/button>\n<\/p><div class=\"wpcf7-response-output\" aria-hidden=\"true\"><\/div>\n<\/form>\n<\/div>\n<\/div>\n<\/div><\/div>\n\n<\/div><\/div><\/div><\/div>\n\n<\/div><\/div>","protected":false},"excerpt":{"rendered":"<p>Acerca de Jack Bernstein, Abogados de Lesiones en Tampa, Florida Jack Bernstein, Abogados de Lesiones, es una firma de abogados de lesiones personales bien establecida con oficinas en Tampa y en todo Florida. Con un personal de aproximadamente 40 personas, que incluye a seis abogados y 34 personal de apoyo, tenemos los recursos legales para&#8230;<\/p>\n","protected":false},"author":2,"featured_media":0,"parent":0,"menu_order":0,"comment_status":"closed","ping_status":"closed","template":"","meta":{"_acf_changed":false,"_kad_blocks_custom_css":"","_kad_blocks_head_custom_js":"<script type=\"application\/ld+json\">{\"@context\":\"https:\/\/schema.org\",\"@type\":\"Attorney\",\"name\":\"Abogados de Lesiones de Jack Bernstein\",\"image\":\"https:\/\/bernsteininjurylaw.com\/\",\"@id\":\"\",\"url\":\"https:\/\/bernsteininjurylaw.com\/contact\/\",\"telephone\":\"(813) 333-6666\",\"priceRange\":\"Consulta Gratuita - Sin Honorarios a Menos que Gane\",\"address\":{\"@type\":\"PostalAddress\",\"streetAddress\":\"4350 West Cypress St. Suite 725\",\"addressLocality\":\"Tampa\",\"addressRegion\":\"FL\",\"postalCode\":\"33607\",\"addressCountry\":\"US\"},\"geo\":{\"@type\":\"GeoCoordinates\",\"latitude\":27.95145,\"longitude\":-82.517281},\"openingHoursSpecification\":{\"@type\":\"OpeningHoursSpecification\",\"dayOfWeek\":[\"Lunes\",\"Martes\",\"Mi\u00e9rcoles\",\"Jueves\",\"Viernes\",\"S\u00e1bado\",\"Domingo\"],\"opens\":\"00:00\",\"closes\":\"23:59\"}}<\/script>\r\n","_kad_blocks_body_custom_js":"","_kad_blocks_footer_custom_js":"","_kad_post_transparent":"","_kad_post_title":"","_kad_post_layout":"","_kad_post_sidebar_id":"","_kad_post_content_style":"","_kad_post_vertical_padding":"","_kad_post_feature":"","_kad_post_feature_position":"","_kad_post_header":false,"_kad_post_footer":false,"_kad_post_classname":"","footnotes":""},"page-type":[],"class_list":["post-787","page","type-page","status-publish","hentry"],"acf":[],"taxonomy_info":[],"featured_image_src_large":false,"author_info":{"display_name":"Tim Castillo","author_link":"https:\/\/bernsteininjurylaw.com\/es\/author\/tcastillo\/"},"comment_info":0,"_links":{"self":[{"href":"https:\/\/bernsteininjurylaw.com\/es\/wp-json\/wp\/v2\/pages\/787","targetHints":{"allow":["GET"]}}],"collection":[{"href":"https:\/\/bernsteininjurylaw.com\/es\/wp-json\/wp\/v2\/pages"}],"about":[{"href":"https:\/\/bernsteininjurylaw.com\/es\/wp-json\/wp\/v2\/types\/page"}],"author":[{"embeddable":true,"href":"https:\/\/bernsteininjurylaw.com\/es\/wp-json\/wp\/v2\/users\/2"}],"replies":[{"embeddable":true,"href":"https:\/\/bernsteininjurylaw.com\/es\/wp-json\/wp\/v2\/comments?post=787"}],"version-history":[{"count":0,"href":"https:\/\/bernsteininjurylaw.com\/es\/wp-json\/wp\/v2\/pages\/787\/revisions"}],"wp:attachment":[{"href":"https:\/\/bernsteininjurylaw.com\/es\/wp-json\/wp\/v2\/media?parent=787"}],"wp:term":[{"taxonomy":"page-type","embeddable":true,"href":"https:\/\/bernsteininjurylaw.com\/es\/wp-json\/wp\/v2\/page-type?post=787"}],"curies":[{"name":"wp","href":"https:\/\/api.w.org\/{rel}","templated":true}]}}